{"id":1535,"date":"2023-12-08T12:14:58","date_gmt":"2023-12-08T15:14:58","guid":{"rendered":"https:\/\/antropologiaenergetica.com\/?post_type=product&#038;p=1535"},"modified":"2025-09-04T20:53:37","modified_gmt":"2025-09-04T23:53:37","slug":"el-mundo-de-la-naturaleza-las-piedras","status":"publish","type":"product","link":"https:\/\/antropologiaenergetica.com\/?product=el-mundo-de-la-naturaleza-las-piedras","title":{"rendered":"El Mundo de La Naturaleza: Las Piedras"},"content":{"rendered":"<p>Los autores indagan aqu\u00ed m\u00e1s profundamente en el significado de las rocas y nos muestran su silenciosa hermosura y su papel important\u00edsimo para todos los seres vivientes. En este cuento, se establece una relaci\u00f3n entre el cosmos y el Planeta Tierra a trav\u00e9s de las piedras,las rocas magm\u00e1ticas y espec\u00edficamente y las rocas con vida (Ki). Estas aportan riquezas energ\u00e9ticas para el desarrollo del ser humano, los animales y las plantas. Adem\u00e1s, se nos explica el valor de las piedras preciosas para nuestra biolog\u00eda.<\/p>\n","protected":false},"excerpt":{"rendered":"<p>Los autores indagan aqu\u00ed m\u00e1s profundamente en el significado de las rocas y nos muestran su silenciosa hermosura y su papel important\u00edsimo para todos los seres vivientes. En este cuento, se establece una relaci\u00f3n entre el cosmos y el Planeta Tierra a trav\u00e9s de las piedras,las rocas magm\u00e1ticas y espec\u00edficamente y las rocas con vida (Ki). Estas aportan riquezas energ\u00e9ticas para el desarrollo del ser humano, los animales y las plantas. Adem\u00e1s, se nos explica el valor de las piedras preciosas para nuestra biolog\u00eda.<\/p>\n","protected":false},"featured_media":1542,"template":"","meta":{"site-sidebar-layout":"default","site-content-layout":"default","ast-site-content-layout":"default","site-content-style":"default","site-sidebar-style":"default","ast-global-header-display":"","ast-banner-title-visibility":"","ast-main-header-display":"","ast-hfb-above-header-display":"","ast-hfb-below-header-display":"","ast-hfb-mobile-header-display":"","site-post-title":"","ast-breadcrumbs-content":"","ast-featured-img":"","footer-sml-layout":"","theme-transparent-header-meta":"default","adv-header-id-meta":"","stick-header-meta":"","header-above-stick-meta":"","header-main-stick-meta":"","header-below-stick-meta":"","astra-migrate-meta-layouts":"set","ast-page-background-enabled":"default","ast-page-background-meta":{"desktop":{"background-color":"var(--ast-global-color-4)","background-image":"","background-repeat":"repeat","background-position":"center center","background-size":"auto","background-attachment":"scroll","background-type":"","background-media":"","overlay-type":"","overlay-color":"","overlay-opacity":"","overlay-gradient":""},"tablet":{"background-color":"","background-image":"","background-repeat":"repeat","background-position":"center center","background-size":"auto","background-attachment":"scroll","background-type":"","background-media":"","overlay-type":"","overlay-color":"","overlay-opacity":"","overlay-gradient":""},"mobile":{"background-color":"","background-image":"","background-repeat":"repeat","background-position":"center center","background-size":"auto","background-attachment":"scroll","background-type":"","background-media":"","overlay-type":"","overlay-color":"","overlay-opacity":"","overlay-gradient":""}},"ast-content-background-meta":{"desktop":{"background-color":"var(--ast-global-color-5)","background-image":"","background-repeat":"repeat","background-position":"center center","background-size":"auto","background-attachment":"scroll","background-type":"","background-media":"","overlay-type":"","overlay-color":"","overlay-opacity":"","overlay-gradient":""},"tablet":{"background-color":"var(--ast-global-color-5)","background-image":"","background-repeat":"repeat","background-position":"center center","background-size":"auto","background-attachment":"scroll","background-type":"","background-media":"","overlay-type":"","overlay-color":"","overlay-opacity":"","overlay-gradient":""},"mobile":{"background-color":"var(--ast-global-color-5)","background-image":"","background-repeat":"repeat","background-position":"center center","background-size":"auto","background-attachment":"scroll","background-type":"","background-media":"","overlay-type":"","overlay-color":"","overlay-opacity":"","overlay-gradient":""}}},"product_brand":[],"product_cat":[37,34],"product_tag":[44],"class_list":{"0":"post-1535","1":"product","2":"type-product","3":"status-publish","4":"has-post-thumbnail","6":"product_cat-cuadernillo","7":"product_cat-espanol","8":"product_tag-cuadernillo","9":"desktop-align-left","10":"tablet-align-left","11":"mobile-align-left","13":"first","14":"instock","15":"sold-individually","16":"shipping-taxable","17":"purchasable","18":"product-type-variable"},"_links":{"self":[{"href":"https:\/\/antropologiaenergetica.com\/index.php?rest_route=\/wp\/v2\/product\/1535","targetHints":{"allow":["GET"]}}],"collection":[{"href":"https:\/\/antropologiaenergetica.com\/index.php?rest_route=\/wp\/v2\/product"}],"about":[{"href":"https:\/\/antropologiaenergetica.com\/index.php?rest_route=\/wp\/v2\/types\/product"}],"wp:featuredmedia":[{"embeddable":true,"href":"https:\/\/antropologiaenergetica.com\/index.php?rest_route=\/wp\/v2\/media\/1542"}],"wp:attachment":[{"href":"https:\/\/antropologiaenergetica.com\/index.php?rest_route=%2Fwp%2Fv2%2Fmedia&parent=1535"}],"wp:term":[{"taxonomy":"product_brand","embeddable":true,"href":"https:\/\/antropologiaenergetica.com\/index.php?rest_route=%2Fwp%2Fv2%2Fproduct_brand&post=1535"},{"taxonomy":"product_cat","embeddable":true,"href":"https:\/\/antropologiaenergetica.com\/index.php?rest_route=%2Fwp%2Fv2%2Fproduct_cat&post=1535"},{"taxonomy":"product_tag","embeddable":true,"href":"https:\/\/antropologiaenergetica.com\/index.php?rest_route=%2Fwp%2Fv2%2Fproduct_tag&post=1535"}],"curies":[{"name":"wp","href":"https:\/\/api.w.org\/{rel}","templated":true}]}}