{"id":1533,"date":"2023-12-08T12:16:25","date_gmt":"2023-12-08T15:16:25","guid":{"rendered":"https:\/\/antropologiaenergetica.com\/?post_type=product&#038;p=1533"},"modified":"2025-09-04T20:51:46","modified_gmt":"2025-09-04T23:51:46","slug":"el-mundo-de-la-naturaleza-arboles-i","status":"publish","type":"product","link":"https:\/\/antropologiaenergetica.com\/?product=el-mundo-de-la-naturaleza-arboles-i","title":{"rendered":"El Mundo de La Naturaleza: \u00c1rboles I"},"content":{"rendered":"<p>El autor nos explica la vida energ\u00e9tica del \u00e1rbol y su aporte al medio en que se desarrolla.<br \/>\nBrinda nuevos conocimientos a la bot\u00e1nica, tales como las distintas psicolog\u00edas de los \u00e1rboles, el porqu\u00e9 de las plantas medicinales, el devenir de la vegetaci\u00f3n en el planeta Tierra desde el principio de los principios, la relaci\u00f3n estrecha y contribuci\u00f3n entre \u00e1rboles evolutivos, animales y seres humanos.<br \/>\nNos explica la necesidad de replantar algunos sectores del planeta con \u00e1rboles m\u00e1s positivos a medida que los cuerpos humanos sean cada vez m\u00e1s sutiles; el porqu\u00e9 de la desaparici\u00f3n de algunas especies ya no \u00fatiles para el adelanto de los seres; los resultados lamentables de una poda, dejando las bases truncas a una altura que ya no permite su reproducci\u00f3n. Estos y otros temas ampliamente explicados ser\u00e1n de inter\u00e9s para los amantes de la bot\u00e1nica.<\/p>\n","protected":false},"excerpt":{"rendered":"<p>El autor nos explica la vida energ\u00e9tica del \u00e1rbol y su aporte al medio en que se desarrolla.<br \/>\nBrinda nuevos conocimientos a la bot\u00e1nica, tales como las distintas psicolog\u00edas de los \u00e1rboles, el porqu\u00e9 de las plantas medicinales, el devenir de la vegetaci\u00f3n en el planeta Tierra desde el principio de los principios, la relaci\u00f3n estrecha y contribuci\u00f3n entre \u00e1rboles evolutivos, animales y seres humanos.<br \/>\nNos explica la necesidad de replantar algunos sectores del planeta con \u00e1rboles m\u00e1s positivos a medida que los cuerpos humanos sean cada vez m\u00e1s sutiles; el porqu\u00e9 de la desaparici\u00f3n de algunas especies ya no \u00fatiles para el adelanto de los seres; los resultados lamentables de una poda, dejando las bases truncas a una altura que ya no permite su reproducci\u00f3n. Estos y otros temas ampliamente explicados ser\u00e1n de inter\u00e9s para los amantes de la bot\u00e1nica.<\/p>\n","protected":false},"featured_media":1707,"template":"","meta":{"site-sidebar-layout":"default","site-content-layout":"default","ast-site-content-layout":"default","site-content-style":"default","site-sidebar-style":"default","ast-global-header-display":"","ast-banner-title-visibility":"","ast-main-header-display":"","ast-hfb-above-header-display":"","ast-hfb-below-header-display":"","ast-hfb-mobile-header-display":"","site-post-title":"","ast-breadcrumbs-content":"","ast-featured-img":"","footer-sml-layout":"","theme-transparent-header-meta":"default","adv-header-id-meta":"","stick-header-meta":"","header-above-stick-meta":"","header-main-stick-meta":"","header-below-stick-meta":"","astra-migrate-meta-layouts":"set","ast-page-background-enabled":"default","ast-page-background-meta":{"desktop":{"background-color":"var(--ast-global-color-4)","background-image":"","background-repeat":"repeat","background-position":"center center","background-size":"auto","background-attachment":"scroll","background-type":"","background-media":"","overlay-type":"","overlay-color":"","overlay-opacity":"","overlay-gradient":""},"tablet":{"background-color":"","background-image":"","background-repeat":"repeat","background-position":"center center","background-size":"auto","background-attachment":"scroll","background-type":"","background-media":"","overlay-type":"","overlay-color":"","overlay-opacity":"","overlay-gradient":""},"mobile":{"background-color":"","background-image":"","background-repeat":"repeat","background-position":"center center","background-size":"auto","background-attachment":"scroll","background-type":"","background-media":"","overlay-type":"","overlay-color":"","overlay-opacity":"","overlay-gradient":""}},"ast-content-background-meta":{"desktop":{"background-color":"var(--ast-global-color-5)","background-image":"","background-repeat":"repeat","background-position":"center center","background-size":"auto","background-attachment":"scroll","background-type":"","background-media":"","overlay-type":"","overlay-color":"","overlay-opacity":"","overlay-gradient":""},"tablet":{"background-color":"var(--ast-global-color-5)","background-image":"","background-repeat":"repeat","background-position":"center center","background-size":"auto","background-attachment":"scroll","background-type":"","background-media":"","overlay-type":"","overlay-color":"","overlay-opacity":"","overlay-gradient":""},"mobile":{"background-color":"var(--ast-global-color-5)","background-image":"","background-repeat":"repeat","background-position":"center center","background-size":"auto","background-attachment":"scroll","background-type":"","background-media":"","overlay-type":"","overlay-color":"","overlay-opacity":"","overlay-gradient":""}}},"product_brand":[],"product_cat":[37,34],"product_tag":[44],"class_list":{"0":"post-1533","1":"product","2":"type-product","3":"status-publish","4":"has-post-thumbnail","6":"product_cat-cuadernillo","7":"product_cat-espanol","8":"product_tag-cuadernillo","9":"desktop-align-left","10":"tablet-align-left","11":"mobile-align-left","13":"first","14":"instock","15":"sold-individually","16":"shipping-taxable","17":"purchasable","18":"product-type-variable"},"_links":{"self":[{"href":"https:\/\/antropologiaenergetica.com\/index.php?rest_route=\/wp\/v2\/product\/1533","targetHints":{"allow":["GET"]}}],"collection":[{"href":"https:\/\/antropologiaenergetica.com\/index.php?rest_route=\/wp\/v2\/product"}],"about":[{"href":"https:\/\/antropologiaenergetica.com\/index.php?rest_route=\/wp\/v2\/types\/product"}],"wp:featuredmedia":[{"embeddable":true,"href":"https:\/\/antropologiaenergetica.com\/index.php?rest_route=\/wp\/v2\/media\/1707"}],"wp:attachment":[{"href":"https:\/\/antropologiaenergetica.com\/index.php?rest_route=%2Fwp%2Fv2%2Fmedia&parent=1533"}],"wp:term":[{"taxonomy":"product_brand","embeddable":true,"href":"https:\/\/antropologiaenergetica.com\/index.php?rest_route=%2Fwp%2Fv2%2Fproduct_brand&post=1533"},{"taxonomy":"product_cat","embeddable":true,"href":"https:\/\/antropologiaenergetica.com\/index.php?rest_route=%2Fwp%2Fv2%2Fproduct_cat&post=1533"},{"taxonomy":"product_tag","embeddable":true,"href":"https:\/\/antropologiaenergetica.com\/index.php?rest_route=%2Fwp%2Fv2%2Fproduct_tag&post=1533"}],"curies":[{"name":"wp","href":"https:\/\/api.w.org\/{rel}","templated":true}]}}