{"id":1530,"date":"2023-12-08T12:11:58","date_gmt":"2023-12-08T15:11:58","guid":{"rendered":"https:\/\/antropologiaenergetica.com\/?post_type=product&#038;p=1530"},"modified":"2025-09-04T21:00:49","modified_gmt":"2025-09-05T00:00:49","slug":"la-drogadiccion","status":"publish","type":"product","link":"https:\/\/antropologiaenergetica.com\/?product=la-drogadiccion","title":{"rendered":"La Drogadicci\u00f3n"},"content":{"rendered":"<p>Este cuadernillo est\u00e1 dedicado principalmente a aquellos seres que son tentados por terceros a probar drogas alucin\u00f3genas, los cuales, al adoptar este h\u00e1bito, los convierten en seres in\u00fatiles y est\u00fapidos. Nos explica c\u00f3mo la droga afecta de manera nefasta la estructura energ\u00e9tica del ser humano.<br \/>\nAl mismo tiempo, estimula a los j\u00f3venes a seguir el camino de la evoluci\u00f3n personal y a superar estados depresivos y de abatimiento. Demuestra que la droga no es una alternativa, sino simplemente un camino sin retorno.<br \/>\nTambi\u00e9n nos alerta sobre las consecuencias posteriores a la muerte de un drogadicto y c\u00f3mo esto puede obstaculizar su labor en el espacio.<\/p>\n","protected":false},"excerpt":{"rendered":"<p>Este cuadernillo est\u00e1 dedicado principalmente a aquellos seres que son tentados por terceros a probar drogas alucin\u00f3genas, los cuales, al adoptar este h\u00e1bito, los convierten en seres in\u00fatiles y est\u00fapidos. Nos explica c\u00f3mo la droga afecta de manera nefasta la estructura energ\u00e9tica del ser humano.<br \/>\nAl mismo tiempo, estimula a los j\u00f3venes a seguir el camino de la evoluci\u00f3n personal y a superar estados depresivos y de abatimiento. Demuestra que la droga no es una alternativa, sino simplemente un camino sin retorno.<br \/>\nTambi\u00e9n nos alerta sobre las consecuencias posteriores a la muerte de un drogadicto y c\u00f3mo esto puede obstaculizar su labor en el espacio.<\/p>\n","protected":false},"featured_media":1545,"template":"","meta":{"site-sidebar-layout":"default","site-content-layout":"default","ast-site-content-layout":"default","site-content-style":"default","site-sidebar-style":"default","ast-global-header-display":"","ast-banner-title-visibility":"","ast-main-header-display":"","ast-hfb-above-header-display":"","ast-hfb-below-header-display":"","ast-hfb-mobile-header-display":"","site-post-title":"","ast-breadcrumbs-content":"","ast-featured-img":"","footer-sml-layout":"","theme-transparent-header-meta":"default","adv-header-id-meta":"","stick-header-meta":"","header-above-stick-meta":"","header-main-stick-meta":"","header-below-stick-meta":"","astra-migrate-meta-layouts":"set","ast-page-background-enabled":"default","ast-page-background-meta":{"desktop":{"background-color":"var(--ast-global-color-4)","background-image":"","background-repeat":"repeat","background-position":"center center","background-size":"auto","background-attachment":"scroll","background-type":"","background-media":"","overlay-type":"","overlay-color":"","overlay-opacity":"","overlay-gradient":""},"tablet":{"background-color":"","background-image":"","background-repeat":"repeat","background-position":"center center","background-size":"auto","background-attachment":"scroll","background-type":"","background-media":"","overlay-type":"","overlay-color":"","overlay-opacity":"","overlay-gradient":""},"mobile":{"background-color":"","background-image":"","background-repeat":"repeat","background-position":"center center","background-size":"auto","background-attachment":"scroll","background-type":"","background-media":"","overlay-type":"","overlay-color":"","overlay-opacity":"","overlay-gradient":""}},"ast-content-background-meta":{"desktop":{"background-color":"var(--ast-global-color-5)","background-image":"","background-repeat":"repeat","background-position":"center center","background-size":"auto","background-attachment":"scroll","background-type":"","background-media":"","overlay-type":"","overlay-color":"","overlay-opacity":"","overlay-gradient":""},"tablet":{"background-color":"var(--ast-global-color-5)","background-image":"","background-repeat":"repeat","background-position":"center center","background-size":"auto","background-attachment":"scroll","background-type":"","background-media":"","overlay-type":"","overlay-color":"","overlay-opacity":"","overlay-gradient":""},"mobile":{"background-color":"var(--ast-global-color-5)","background-image":"","background-repeat":"repeat","background-position":"center center","background-size":"auto","background-attachment":"scroll","background-type":"","background-media":"","overlay-type":"","overlay-color":"","overlay-opacity":"","overlay-gradient":""}}},"product_brand":[],"product_cat":[37,34],"product_tag":[44],"class_list":{"0":"post-1530","1":"product","2":"type-product","3":"status-publish","4":"has-post-thumbnail","6":"product_cat-cuadernillo","7":"product_cat-espanol","8":"product_tag-cuadernillo","9":"desktop-align-left","10":"tablet-align-left","11":"mobile-align-left","13":"first","14":"instock","15":"sold-individually","16":"shipping-taxable","17":"purchasable","18":"product-type-variable"},"_links":{"self":[{"href":"https:\/\/antropologiaenergetica.com\/index.php?rest_route=\/wp\/v2\/product\/1530","targetHints":{"allow":["GET"]}}],"collection":[{"href":"https:\/\/antropologiaenergetica.com\/index.php?rest_route=\/wp\/v2\/product"}],"about":[{"href":"https:\/\/antropologiaenergetica.com\/index.php?rest_route=\/wp\/v2\/types\/product"}],"wp:featuredmedia":[{"embeddable":true,"href":"https:\/\/antropologiaenergetica.com\/index.php?rest_route=\/wp\/v2\/media\/1545"}],"wp:attachment":[{"href":"https:\/\/antropologiaenergetica.com\/index.php?rest_route=%2Fwp%2Fv2%2Fmedia&parent=1530"}],"wp:term":[{"taxonomy":"product_brand","embeddable":true,"href":"https:\/\/antropologiaenergetica.com\/index.php?rest_route=%2Fwp%2Fv2%2Fproduct_brand&post=1530"},{"taxonomy":"product_cat","embeddable":true,"href":"https:\/\/antropologiaenergetica.com\/index.php?rest_route=%2Fwp%2Fv2%2Fproduct_cat&post=1530"},{"taxonomy":"product_tag","embeddable":true,"href":"https:\/\/antropologiaenergetica.com\/index.php?rest_route=%2Fwp%2Fv2%2Fproduct_tag&post=1530"}],"curies":[{"name":"wp","href":"https:\/\/api.w.org\/{rel}","templated":true}]}}