{"id":1528,"date":"2023-12-08T12:20:30","date_gmt":"2023-12-08T15:20:30","guid":{"rendered":"https:\/\/antropologiaenergetica.com\/?post_type=product&#038;p=1528"},"modified":"2025-09-04T20:40:45","modified_gmt":"2025-09-04T23:40:45","slug":"cuentos-para-leer-y-pensar-i","status":"publish","type":"product","link":"https:\/\/antropologiaenergetica.com\/?product=cuentos-para-leer-y-pensar-i","title":{"rendered":"Cuentos para Leer y Pensar I"},"content":{"rendered":"<p>En estos tres cuentos cortos, se nos revela otra de las tantas facetas de la gama de posibilidades de las que dispone el Prof. J. Tom\u00e1s Zeberio para ense\u00f1ar las normas de conducta y los movimientos psicol\u00f3gicos.<br \/>\nLos animales son los protagonistas de estos cuentos. \u00bfCu\u00e1l es la consecuencia para un le\u00f3n de vivir en cautiverio? \u00bfCu\u00e1n profunda puede ser la relaci\u00f3n entre el hombre y los animales? A trav\u00e9s de los cuentos, el autor nos brinda ense\u00f1anzas significativas.<\/p>\n","protected":false},"excerpt":{"rendered":"<p>En estos tres cuentos cortos, se nos revela otra de las tantas facetas de la gama de posibilidades de las que dispone el Prof. J. Tom\u00e1s Zeberio para ense\u00f1ar las normas de conducta y los movimientos psicol\u00f3gicos.<br \/>\nLos animales son los protagonistas de estos cuentos. \u00bfCu\u00e1l es la consecuencia para un le\u00f3n de vivir en cautiverio? \u00bfCu\u00e1n profunda puede ser la relaci\u00f3n entre el hombre y los animales? A trav\u00e9s de los cuentos, el autor nos brinda ense\u00f1anzas significativas.<\/p>\n","protected":false},"featured_media":1608,"template":"","meta":{"site-sidebar-layout":"default","site-content-layout":"default","ast-site-content-layout":"default","site-content-style":"default","site-sidebar-style":"default","ast-global-header-display":"","ast-banner-title-visibility":"","ast-main-header-display":"","ast-hfb-above-header-display":"","ast-hfb-below-header-display":"","ast-hfb-mobile-header-display":"","site-post-title":"","ast-breadcrumbs-content":"","ast-featured-img":"","footer-sml-layout":"","theme-transparent-header-meta":"default","adv-header-id-meta":"","stick-header-meta":"","header-above-stick-meta":"","header-main-stick-meta":"","header-below-stick-meta":"","astra-migrate-meta-layouts":"set","ast-page-background-enabled":"default","ast-page-background-meta":{"desktop":{"background-color":"var(--ast-global-color-4)","background-image":"","background-repeat":"repeat","background-position":"center center","background-size":"auto","background-attachment":"scroll","background-type":"","background-media":"","overlay-type":"","overlay-color":"","overlay-opacity":"","overlay-gradient":""},"tablet":{"background-color":"","background-image":"","background-repeat":"repeat","background-position":"center center","background-size":"auto","background-attachment":"scroll","background-type":"","background-media":"","overlay-type":"","overlay-color":"","overlay-opacity":"","overlay-gradient":""},"mobile":{"background-color":"","background-image":"","background-repeat":"repeat","background-position":"center center","background-size":"auto","background-attachment":"scroll","background-type":"","background-media":"","overlay-type":"","overlay-color":"","overlay-opacity":"","overlay-gradient":""}},"ast-content-background-meta":{"desktop":{"background-color":"var(--ast-global-color-5)","background-image":"","background-repeat":"repeat","background-position":"center center","background-size":"auto","background-attachment":"scroll","background-type":"","background-media":"","overlay-type":"","overlay-color":"","overlay-opacity":"","overlay-gradient":""},"tablet":{"background-color":"var(--ast-global-color-5)","background-image":"","background-repeat":"repeat","background-position":"center center","background-size":"auto","background-attachment":"scroll","background-type":"","background-media":"","overlay-type":"","overlay-color":"","overlay-opacity":"","overlay-gradient":""},"mobile":{"background-color":"var(--ast-global-color-5)","background-image":"","background-repeat":"repeat","background-position":"center center","background-size":"auto","background-attachment":"scroll","background-type":"","background-media":"","overlay-type":"","overlay-color":"","overlay-opacity":"","overlay-gradient":""}}},"product_brand":[],"product_cat":[37,34],"product_tag":[44],"class_list":{"0":"post-1528","1":"product","2":"type-product","3":"status-publish","4":"has-post-thumbnail","6":"product_cat-cuadernillo","7":"product_cat-espanol","8":"product_tag-cuadernillo","9":"desktop-align-left","10":"tablet-align-left","11":"mobile-align-left","13":"first","14":"instock","15":"sold-individually","16":"shipping-taxable","17":"purchasable","18":"product-type-variable"},"_links":{"self":[{"href":"https:\/\/antropologiaenergetica.com\/index.php?rest_route=\/wp\/v2\/product\/1528","targetHints":{"allow":["GET"]}}],"collection":[{"href":"https:\/\/antropologiaenergetica.com\/index.php?rest_route=\/wp\/v2\/product"}],"about":[{"href":"https:\/\/antropologiaenergetica.com\/index.php?rest_route=\/wp\/v2\/types\/product"}],"wp:featuredmedia":[{"embeddable":true,"href":"https:\/\/antropologiaenergetica.com\/index.php?rest_route=\/wp\/v2\/media\/1608"}],"wp:attachment":[{"href":"https:\/\/antropologiaenergetica.com\/index.php?rest_route=%2Fwp%2Fv2%2Fmedia&parent=1528"}],"wp:term":[{"taxonomy":"product_brand","embeddable":true,"href":"https:\/\/antropologiaenergetica.com\/index.php?rest_route=%2Fwp%2Fv2%2Fproduct_brand&post=1528"},{"taxonomy":"product_cat","embeddable":true,"href":"https:\/\/antropologiaenergetica.com\/index.php?rest_route=%2Fwp%2Fv2%2Fproduct_cat&post=1528"},{"taxonomy":"product_tag","embeddable":true,"href":"https:\/\/antropologiaenergetica.com\/index.php?rest_route=%2Fwp%2Fv2%2Fproduct_tag&post=1528"}],"curies":[{"name":"wp","href":"https:\/\/api.w.org\/{rel}","templated":true}]}}