{"id":1526,"date":"2023-12-08T12:18:47","date_gmt":"2023-12-08T15:18:47","guid":{"rendered":"https:\/\/antropologiaenergetica.com\/?post_type=product&#038;p=1526"},"modified":"2025-09-04T20:49:05","modified_gmt":"2025-09-04T23:49:05","slug":"como-continua-la-vida-despues-de-la-vida","status":"publish","type":"product","link":"https:\/\/antropologiaenergetica.com\/?product=como-continua-la-vida-despues-de-la-vida","title":{"rendered":"\u00bfC\u00f3mo Continua La Vida Despu\u00e9s de La Vida?"},"content":{"rendered":"<p>Este es un tema que concierne a todos, ya que se trata de un paso obligatorio a seguir dentro de la evoluci\u00f3n. Para muchas personas, la palabra &#8220;muerte&#8221; es sin\u00f3nimo de la nada o sienten temor ante lo desconocido. Sin embargo, al adquirir un conocimiento m\u00e1s amplio y, por supuesto, si se acepta este punto de vista, se llegar\u00e1 inclusive a sentir serenidad y, \u00bfpor qu\u00e9 no?, alegr\u00eda al convencerse de que la vida contin\u00faa despu\u00e9s de la vida y que la &#8220;muerte&#8221; es simplemente una palabra que designa un estado. Eso y nada m\u00e1s.<\/p>\n","protected":false},"excerpt":{"rendered":"<p>Este es un tema que concierne a todos, ya que se trata de un paso obligatorio a seguir dentro de la evoluci\u00f3n. Para muchas personas, la palabra &#8220;muerte&#8221; es sin\u00f3nimo de la nada o sienten temor ante lo desconocido. Sin embargo, al adquirir un conocimiento m\u00e1s amplio y, por supuesto, si se acepta este punto de vista, se llegar\u00e1 inclusive a sentir serenidad y, \u00bfpor qu\u00e9 no?, alegr\u00eda al convencerse de que la vida contin\u00faa despu\u00e9s de la vida y que la &#8220;muerte&#8221; es simplemente una palabra que designa un estado. Eso y nada m\u00e1s.<\/p>\n","protected":false},"featured_media":1714,"template":"","meta":{"site-sidebar-layout":"default","site-content-layout":"default","ast-site-content-layout":"default","site-content-style":"default","site-sidebar-style":"default","ast-global-header-display":"","ast-banner-title-visibility":"","ast-main-header-display":"","ast-hfb-above-header-display":"","ast-hfb-below-header-display":"","ast-hfb-mobile-header-display":"","site-post-title":"","ast-breadcrumbs-content":"","ast-featured-img":"","footer-sml-layout":"","theme-transparent-header-meta":"default","adv-header-id-meta":"","stick-header-meta":"","header-above-stick-meta":"","header-main-stick-meta":"","header-below-stick-meta":"","astra-migrate-meta-layouts":"set","ast-page-background-enabled":"default","ast-page-background-meta":{"desktop":{"background-color":"var(--ast-global-color-4)","background-image":"","background-repeat":"repeat","background-position":"center center","background-size":"auto","background-attachment":"scroll","background-type":"","background-media":"","overlay-type":"","overlay-color":"","overlay-opacity":"","overlay-gradient":""},"tablet":{"background-color":"","background-image":"","background-repeat":"repeat","background-position":"center center","background-size":"auto","background-attachment":"scroll","background-type":"","background-media":"","overlay-type":"","overlay-color":"","overlay-opacity":"","overlay-gradient":""},"mobile":{"background-color":"","background-image":"","background-repeat":"repeat","background-position":"center center","background-size":"auto","background-attachment":"scroll","background-type":"","background-media":"","overlay-type":"","overlay-color":"","overlay-opacity":"","overlay-gradient":""}},"ast-content-background-meta":{"desktop":{"background-color":"var(--ast-global-color-5)","background-image":"","background-repeat":"repeat","background-position":"center center","background-size":"auto","background-attachment":"scroll","background-type":"","background-media":"","overlay-type":"","overlay-color":"","overlay-opacity":"","overlay-gradient":""},"tablet":{"background-color":"var(--ast-global-color-5)","background-image":"","background-repeat":"repeat","background-position":"center center","background-size":"auto","background-attachment":"scroll","background-type":"","background-media":"","overlay-type":"","overlay-color":"","overlay-opacity":"","overlay-gradient":""},"mobile":{"background-color":"var(--ast-global-color-5)","background-image":"","background-repeat":"repeat","background-position":"center center","background-size":"auto","background-attachment":"scroll","background-type":"","background-media":"","overlay-type":"","overlay-color":"","overlay-opacity":"","overlay-gradient":""}}},"product_brand":[],"product_cat":[37,34],"product_tag":[44],"class_list":{"0":"post-1526","1":"product","2":"type-product","3":"status-publish","4":"has-post-thumbnail","6":"product_cat-cuadernillo","7":"product_cat-espanol","8":"product_tag-cuadernillo","9":"desktop-align-left","10":"tablet-align-left","11":"mobile-align-left","13":"first","14":"instock","15":"sold-individually","16":"shipping-taxable","17":"purchasable","18":"product-type-variable"},"_links":{"self":[{"href":"https:\/\/antropologiaenergetica.com\/index.php?rest_route=\/wp\/v2\/product\/1526","targetHints":{"allow":["GET"]}}],"collection":[{"href":"https:\/\/antropologiaenergetica.com\/index.php?rest_route=\/wp\/v2\/product"}],"about":[{"href":"https:\/\/antropologiaenergetica.com\/index.php?rest_route=\/wp\/v2\/types\/product"}],"wp:featuredmedia":[{"embeddable":true,"href":"https:\/\/antropologiaenergetica.com\/index.php?rest_route=\/wp\/v2\/media\/1714"}],"wp:attachment":[{"href":"https:\/\/antropologiaenergetica.com\/index.php?rest_route=%2Fwp%2Fv2%2Fmedia&parent=1526"}],"wp:term":[{"taxonomy":"product_brand","embeddable":true,"href":"https:\/\/antropologiaenergetica.com\/index.php?rest_route=%2Fwp%2Fv2%2Fproduct_brand&post=1526"},{"taxonomy":"product_cat","embeddable":true,"href":"https:\/\/antropologiaenergetica.com\/index.php?rest_route=%2Fwp%2Fv2%2Fproduct_cat&post=1526"},{"taxonomy":"product_tag","embeddable":true,"href":"https:\/\/antropologiaenergetica.com\/index.php?rest_route=%2Fwp%2Fv2%2Fproduct_tag&post=1526"}],"curies":[{"name":"wp","href":"https:\/\/api.w.org\/{rel}","templated":true}]}}