{"id":1523,"date":"2023-12-08T12:22:04","date_gmt":"2023-12-08T15:22:04","guid":{"rendered":"https:\/\/antropologiaenergetica.com\/?post_type=product&#038;p=1523"},"modified":"2025-09-18T10:03:20","modified_gmt":"2025-09-18T13:03:20","slug":"la-energetica-humana-su-patologia-y-tratamiento","status":"publish","type":"product","link":"https:\/\/antropologiaenergetica.com\/?product=la-energetica-humana-su-patologia-y-tratamiento","title":{"rendered":"La Energ\u00e9tica Humana, Su Patolog\u00eda y Tratamiento"},"content":{"rendered":"<p>Libro precursor e innovador que describe la estructura energ\u00e9tica del ser humano sano y enfermo. La explicaci\u00f3n se acompa\u00f1a con las im\u00e1genes correspondientes que son diez, ejemplo: esquizofrenia, l\u00e1mina 8, epilepsia, l\u00e1mina 9 etc. Muestra una terap\u00e9utica que renueva y ampl\u00eda la mirada hacia el ser humano al considerar en cada enfermo la \u00edntima relaci\u00f3n existente entre el soma, la mente y la energ\u00eda. Expresa y da cuenta de la tarea profesional realizada en el Hospital Borda de la Ciudad de Buenos Aires por el Prof. J. Tom\u00e1s Zeberio junto al Dr. Aniceto Figueras de la Asociaci\u00f3n Psicoanal\u00edtica Argentina. Incluye una gran cantidad de casos de pacientes con distintas patolog\u00edas: depresi\u00f3n, neurosis, impotencia, homosexualidad, esterilidad, frigidez, eyaculaci\u00f3n precoz etc. y los sectores energ\u00e9tico-corp\u00f3reo que las mismas afectan. De inter\u00e9s para psic\u00f3logos, psicoanalistas como as\u00ed tambi\u00e9n para los estudiosos atentos a los aspectos energ\u00e9ticos humanos, tal como lo expone el t\u00edtulo. Este libro data de 1961 y fue reimpreso en abril de 2019 en papel y formato digital.<\/p>\n","protected":false},"excerpt":{"rendered":"<p>Libro precursor e innovador que describe la estructura energ\u00e9tica del ser humano sano y enfermo. La explicaci\u00f3n se acompa\u00f1a con las im\u00e1genes correspondientes que son diez, ejemplo: esquizofrenia, l\u00e1mina 8, epilepsia, l\u00e1mina 9 etc. Muestra una terap\u00e9utica que renueva y ampl\u00eda la mirada hacia el ser humano al considerar en cada enfermo la \u00edntima relaci\u00f3n existente entre el soma, la mente y la energ\u00eda. Expresa y da cuenta de la tarea profesional realizada en el Hospital Borda de la Ciudad de Buenos Aires por el Prof. J. Tom\u00e1s Zeberio junto al Dr. Aniceto Figueras de la Asociaci\u00f3n Psicoanal\u00edtica Argentina. Incluye una gran cantidad de casos de pacientes con distintas patolog\u00edas: depresi\u00f3n, neurosis, impotencia, homosexualidad, esterilidad, frigidez, eyaculaci\u00f3n precoz etc. y los sectores energ\u00e9tico-corp\u00f3reo que las mismas afectan. De inter\u00e9s para psic\u00f3logos, psicoanalistas como as\u00ed tambi\u00e9n para los estudiosos atentos a los aspectos energ\u00e9ticos humanos, tal como lo expone el t\u00edtulo. Este libro data de 1961 y fue reimpreso en abril de 2019 en papel y formato digital.<\/p>\n","protected":false},"featured_media":1718,"template":"","meta":{"site-sidebar-layout":"default","site-content-layout":"default","ast-site-content-layout":"default","site-content-style":"default","site-sidebar-style":"default","ast-global-header-display":"","ast-banner-title-visibility":"","ast-main-header-display":"","ast-hfb-above-header-display":"","ast-hfb-below-header-display":"","ast-hfb-mobile-header-display":"","site-post-title":"","ast-breadcrumbs-content":"","ast-featured-img":"","footer-sml-layout":"","theme-transparent-header-meta":"default","adv-header-id-meta":"","stick-header-meta":"","header-above-stick-meta":"","header-main-stick-meta":"","header-below-stick-meta":"","astra-migrate-meta-layouts":"set","ast-page-background-enabled":"default","ast-page-background-meta":{"desktop":{"background-color":"var(--ast-global-color-4)","background-image":"","background-repeat":"repeat","background-position":"center center","background-size":"auto","background-attachment":"scroll","background-type":"","background-media":"","overlay-type":"","overlay-color":"","overlay-opacity":"","overlay-gradient":""},"tablet":{"background-color":"","background-image":"","background-repeat":"repeat","background-position":"center center","background-size":"auto","background-attachment":"scroll","background-type":"","background-media":"","overlay-type":"","overlay-color":"","overlay-opacity":"","overlay-gradient":""},"mobile":{"background-color":"","background-image":"","background-repeat":"repeat","background-position":"center center","background-size":"auto","background-attachment":"scroll","background-type":"","background-media":"","overlay-type":"","overlay-color":"","overlay-opacity":"","overlay-gradient":""}},"ast-content-background-meta":{"desktop":{"background-color":"var(--ast-global-color-5)","background-image":"","background-repeat":"repeat","background-position":"center center","background-size":"auto","background-attachment":"scroll","background-type":"","background-media":"","overlay-type":"","overlay-color":"","overlay-opacity":"","overlay-gradient":""},"tablet":{"background-color":"var(--ast-global-color-5)","background-image":"","background-repeat":"repeat","background-position":"center center","background-size":"auto","background-attachment":"scroll","background-type":"","background-media":"","overlay-type":"","overlay-color":"","overlay-opacity":"","overlay-gradient":""},"mobile":{"background-color":"var(--ast-global-color-5)","background-image":"","background-repeat":"repeat","background-position":"center center","background-size":"auto","background-attachment":"scroll","background-type":"","background-media":"","overlay-type":"","overlay-color":"","overlay-opacity":"","overlay-gradient":""}}},"product_brand":[],"product_cat":[38],"product_tag":[45],"class_list":{"0":"post-1523","1":"product","2":"type-product","3":"status-publish","4":"has-post-thumbnail","6":"product_cat-libro","7":"product_tag-libro","8":"desktop-align-left","9":"tablet-align-left","10":"mobile-align-left","12":"first","13":"instock","14":"sold-individually","15":"shipping-taxable","16":"purchasable","17":"product-type-variable"},"_links":{"self":[{"href":"https:\/\/antropologiaenergetica.com\/index.php?rest_route=\/wp\/v2\/product\/1523","targetHints":{"allow":["GET"]}}],"collection":[{"href":"https:\/\/antropologiaenergetica.com\/index.php?rest_route=\/wp\/v2\/product"}],"about":[{"href":"https:\/\/antropologiaenergetica.com\/index.php?rest_route=\/wp\/v2\/types\/product"}],"wp:featuredmedia":[{"embeddable":true,"href":"https:\/\/antropologiaenergetica.com\/index.php?rest_route=\/wp\/v2\/media\/1718"}],"wp:attachment":[{"href":"https:\/\/antropologiaenergetica.com\/index.php?rest_route=%2Fwp%2Fv2%2Fmedia&parent=1523"}],"wp:term":[{"taxonomy":"product_brand","embeddable":true,"href":"https:\/\/antropologiaenergetica.com\/index.php?rest_route=%2Fwp%2Fv2%2Fproduct_brand&post=1523"},{"taxonomy":"product_cat","embeddable":true,"href":"https:\/\/antropologiaenergetica.com\/index.php?rest_route=%2Fwp%2Fv2%2Fproduct_cat&post=1523"},{"taxonomy":"product_tag","embeddable":true,"href":"https:\/\/antropologiaenergetica.com\/index.php?rest_route=%2Fwp%2Fv2%2Fproduct_tag&post=1523"}],"curies":[{"name":"wp","href":"https:\/\/api.w.org\/{rel}","templated":true}]}}