{"id":1522,"date":"2023-12-08T12:29:54","date_gmt":"2023-12-08T15:29:54","guid":{"rendered":"https:\/\/antropologiaenergetica.com\/?post_type=product&#038;p=1522"},"modified":"2025-09-19T10:26:28","modified_gmt":"2025-09-19T13:26:28","slug":"introduccion-a-las-clases-de-antropologia-energetica","status":"publish","type":"product","link":"https:\/\/antropologiaenergetica.com\/?product=introduccion-a-las-clases-de-antropologia-energetica","title":{"rendered":"Clases Introductorias a las Leyes de la Evoluci\u00f3n Creadora"},"content":{"rendered":"<p>Son trece clases que fueron dictadas por J.T. Zeberio en el marco del Instituto Argentino de Investigaciones Energ\u00e9ticas. Estas clases complementan la lectura de los libros Las Leyes C\u00f3smicas y la Evoluci\u00f3n Consciente Vol. I y Las Leyes C\u00f3smicas y la Psicolog\u00eda de la Biolog\u00eda Vol. II. Las respuestas, explicaciones y precisiones que nos brinda son profundas, trascendentales e in\u00e9ditas. Nos invitan a acercarnos a nuestros propios valores al comprender qui\u00e9n es realmente el ser humano, cu\u00e1l es el origen de sus energ\u00edas y qu\u00e9 significado y finalidad tiene la vida en el plano terrestre y en planos superiores.<\/p>\n","protected":false},"excerpt":{"rendered":"<p>Son trece clases que fueron dictadas por J.T. Zeberio en el marco del Instituto Argentino de Investigaciones Energ\u00e9ticas. Estas clases complementan la lectura de los libros Las Leyes C\u00f3smicas y la Evoluci\u00f3n Consciente Vol. I y Las Leyes C\u00f3smicas y la Psicolog\u00eda de la Biolog\u00eda Vol. II. Las respuestas, explicaciones y precisiones que nos brinda son profundas, trascendentales e in\u00e9ditas. Nos invitan a acercarnos a nuestros propios valores al comprender qui\u00e9n es realmente el ser humano, cu\u00e1l es el origen de sus energ\u00edas y qu\u00e9 significado y finalidad tiene la vida en el plano terrestre y en planos superiores.<\/p>\n","protected":false},"featured_media":1823,"template":"","meta":{"site-sidebar-layout":"default","site-content-layout":"default","ast-site-content-layout":"default","site-content-style":"default","site-sidebar-style":"default","ast-global-header-display":"","ast-banner-title-visibility":"","ast-main-header-display":"","ast-hfb-above-header-display":"","ast-hfb-below-header-display":"","ast-hfb-mobile-header-display":"","site-post-title":"","ast-breadcrumbs-content":"","ast-featured-img":"","footer-sml-layout":"","theme-transparent-header-meta":"default","adv-header-id-meta":"","stick-header-meta":"","header-above-stick-meta":"","header-main-stick-meta":"","header-below-stick-meta":"","astra-migrate-meta-layouts":"set","ast-page-background-enabled":"default","ast-page-background-meta":{"desktop":{"background-color":"var(--ast-global-color-4)","background-image":"","background-repeat":"repeat","background-position":"center center","background-size":"auto","background-attachment":"scroll","background-type":"","background-media":"","overlay-type":"","overlay-color":"","overlay-opacity":"","overlay-gradient":""},"tablet":{"background-color":"","background-image":"","background-repeat":"repeat","background-position":"center center","background-size":"auto","background-attachment":"scroll","background-type":"","background-media":"","overlay-type":"","overlay-color":"","overlay-opacity":"","overlay-gradient":""},"mobile":{"background-color":"","background-image":"","background-repeat":"repeat","background-position":"center center","background-size":"auto","background-attachment":"scroll","background-type":"","background-media":"","overlay-type":"","overlay-color":"","overlay-opacity":"","overlay-gradient":""}},"ast-content-background-meta":{"desktop":{"background-color":"var(--ast-global-color-5)","background-image":"","background-repeat":"repeat","background-position":"center center","background-size":"auto","background-attachment":"scroll","background-type":"","background-media":"","overlay-type":"","overlay-color":"","overlay-opacity":"","overlay-gradient":""},"tablet":{"background-color":"var(--ast-global-color-5)","background-image":"","background-repeat":"repeat","background-position":"center center","background-size":"auto","background-attachment":"scroll","background-type":"","background-media":"","overlay-type":"","overlay-color":"","overlay-opacity":"","overlay-gradient":""},"mobile":{"background-color":"var(--ast-global-color-5)","background-image":"","background-repeat":"repeat","background-position":"center center","background-size":"auto","background-attachment":"scroll","background-type":"","background-media":"","overlay-type":"","overlay-color":"","overlay-opacity":"","overlay-gradient":""}}},"product_brand":[],"product_cat":[38],"product_tag":[45],"class_list":{"0":"post-1522","1":"product","2":"type-product","3":"status-publish","4":"has-post-thumbnail","6":"product_cat-libro","7":"product_tag-libro","8":"desktop-align-left","9":"tablet-align-left","10":"mobile-align-left","12":"first","13":"instock","14":"sold-individually","15":"shipping-taxable","16":"purchasable","17":"product-type-variable"},"_links":{"self":[{"href":"https:\/\/antropologiaenergetica.com\/index.php?rest_route=\/wp\/v2\/product\/1522","targetHints":{"allow":["GET"]}}],"collection":[{"href":"https:\/\/antropologiaenergetica.com\/index.php?rest_route=\/wp\/v2\/product"}],"about":[{"href":"https:\/\/antropologiaenergetica.com\/index.php?rest_route=\/wp\/v2\/types\/product"}],"wp:featuredmedia":[{"embeddable":true,"href":"https:\/\/antropologiaenergetica.com\/index.php?rest_route=\/wp\/v2\/media\/1823"}],"wp:attachment":[{"href":"https:\/\/antropologiaenergetica.com\/index.php?rest_route=%2Fwp%2Fv2%2Fmedia&parent=1522"}],"wp:term":[{"taxonomy":"product_brand","embeddable":true,"href":"https:\/\/antropologiaenergetica.com\/index.php?rest_route=%2Fwp%2Fv2%2Fproduct_brand&post=1522"},{"taxonomy":"product_cat","embeddable":true,"href":"https:\/\/antropologiaenergetica.com\/index.php?rest_route=%2Fwp%2Fv2%2Fproduct_cat&post=1522"},{"taxonomy":"product_tag","embeddable":true,"href":"https:\/\/antropologiaenergetica.com\/index.php?rest_route=%2Fwp%2Fv2%2Fproduct_tag&post=1522"}],"curies":[{"name":"wp","href":"https:\/\/api.w.org\/{rel}","templated":true}]}}