{"id":1521,"date":"2023-12-08T12:28:56","date_gmt":"2023-12-08T15:28:56","guid":{"rendered":"https:\/\/antropologiaenergetica.com\/?post_type=product&#038;p=1521"},"modified":"2025-09-19T10:27:16","modified_gmt":"2025-09-19T13:27:16","slug":"ciclo-vital-de-la-energetica-humana","status":"publish","type":"product","link":"https:\/\/antropologiaenergetica.com\/?product=ciclo-vital-de-la-energetica-humana","title":{"rendered":"Ciclo Vital de La Energ\u00e9tica Humana"},"content":{"rendered":"<p>En la cronolog\u00eda de las obras de J. Tom\u00e1s Zeberio, \u00e9ste es su segundo libro, editado en 1963. El autor se sit\u00faa en el devenir de la historia de la ciencia junto a otros estudiosos que buscaron explicaciones cient\u00edficas a muchos fen\u00f3menos aparentemente inexplicables vinculados con la vida y el ser humano. Zeberio emprende otro camino con la creaci\u00f3n de una nueva metodolog\u00eda de investigaci\u00f3n derivada de sus condiciones personales especiales para percibir la energ\u00eda. Explica el fen\u00f3meno de la percepci\u00f3n extrasensorial y caracteriza sus distintos planos, para luego adentrar al lector en el mundo de las energ\u00edas que \u00e9l descubre. En una apretada y medulosa s\u00edntesis, da imagen, nombre, medida, origen y finalidad a estas energ\u00edas a trav\u00e9s de los procesos de gestaci\u00f3n, vida y muerte del ser humano y los animales. Este libro nos remite al Zeberio investigador y estudioso de los a\u00f1os sesenta, quien sienta las s\u00f3lidas bases de la disciplina que a\u00f1os m\u00e1s tarde denominar\u00eda Antropolog\u00eda Energ\u00e9tica.<\/p>\n","protected":false},"excerpt":{"rendered":"<p>En la cronolog\u00eda de las obras de J. Tom\u00e1s Zeberio, \u00e9ste es su segundo libro, editado en 1963. El autor se sit\u00faa en el devenir de la historia de la ciencia junto a otros estudiosos que buscaron explicaciones cient\u00edficas a muchos fen\u00f3menos aparentemente inexplicables vinculados con la vida y el ser humano. Zeberio emprende otro camino con la creaci\u00f3n de una nueva metodolog\u00eda de investigaci\u00f3n derivada de sus condiciones personales especiales para percibir la energ\u00eda. Explica el fen\u00f3meno de la percepci\u00f3n extrasensorial y caracteriza sus distintos planos, para luego adentrar al lector en el mundo de las energ\u00edas que \u00e9l descubre. En una apretada y medulosa s\u00edntesis, da imagen, nombre, medida, origen y finalidad a estas energ\u00edas a trav\u00e9s de los procesos de gestaci\u00f3n, vida y muerte del ser humano y los animales. Este libro nos remite al Zeberio investigador y estudioso de los a\u00f1os sesenta, quien sienta las s\u00f3lidas bases de la disciplina que a\u00f1os m\u00e1s tarde denominar\u00eda Antropolog\u00eda Energ\u00e9tica.<\/p>\n","protected":false},"featured_media":2535,"template":"","meta":{"site-sidebar-layout":"default","site-content-layout":"default","ast-site-content-layout":"default","site-content-style":"default","site-sidebar-style":"default","ast-global-header-display":"","ast-banner-title-visibility":"","ast-main-header-display":"","ast-hfb-above-header-display":"","ast-hfb-below-header-display":"","ast-hfb-mobile-header-display":"","site-post-title":"","ast-breadcrumbs-content":"","ast-featured-img":"","footer-sml-layout":"","theme-transparent-header-meta":"default","adv-header-id-meta":"","stick-header-meta":"","header-above-stick-meta":"","header-main-stick-meta":"","header-below-stick-meta":"","astra-migrate-meta-layouts":"set","ast-page-background-enabled":"default","ast-page-background-meta":{"desktop":{"background-color":"var(--ast-global-color-4)","background-image":"","background-repeat":"repeat","background-position":"center center","background-size":"auto","background-attachment":"scroll","background-type":"","background-media":"","overlay-type":"","overlay-color":"","overlay-opacity":"","overlay-gradient":""},"tablet":{"background-color":"","background-image":"","background-repeat":"repeat","background-position":"center center","background-size":"auto","background-attachment":"scroll","background-type":"","background-media":"","overlay-type":"","overlay-color":"","overlay-opacity":"","overlay-gradient":""},"mobile":{"background-color":"","background-image":"","background-repeat":"repeat","background-position":"center center","background-size":"auto","background-attachment":"scroll","background-type":"","background-media":"","overlay-type":"","overlay-color":"","overlay-opacity":"","overlay-gradient":""}},"ast-content-background-meta":{"desktop":{"background-color":"var(--ast-global-color-5)","background-image":"","background-repeat":"repeat","background-position":"center center","background-size":"auto","background-attachment":"scroll","background-type":"","background-media":"","overlay-type":"","overlay-color":"","overlay-opacity":"","overlay-gradient":""},"tablet":{"background-color":"var(--ast-global-color-5)","background-image":"","background-repeat":"repeat","background-position":"center center","background-size":"auto","background-attachment":"scroll","background-type":"","background-media":"","overlay-type":"","overlay-color":"","overlay-opacity":"","overlay-gradient":""},"mobile":{"background-color":"var(--ast-global-color-5)","background-image":"","background-repeat":"repeat","background-position":"center center","background-size":"auto","background-attachment":"scroll","background-type":"","background-media":"","overlay-type":"","overlay-color":"","overlay-opacity":"","overlay-gradient":""}}},"product_brand":[],"product_cat":[38],"product_tag":[45],"class_list":{"0":"post-1521","1":"product","2":"type-product","3":"status-publish","4":"has-post-thumbnail","6":"product_cat-libro","7":"product_tag-libro","8":"desktop-align-left","9":"tablet-align-left","10":"mobile-align-left","12":"first","13":"instock","14":"sold-individually","15":"shipping-taxable","16":"purchasable","17":"product-type-variable"},"_links":{"self":[{"href":"https:\/\/antropologiaenergetica.com\/index.php?rest_route=\/wp\/v2\/product\/1521","targetHints":{"allow":["GET"]}}],"collection":[{"href":"https:\/\/antropologiaenergetica.com\/index.php?rest_route=\/wp\/v2\/product"}],"about":[{"href":"https:\/\/antropologiaenergetica.com\/index.php?rest_route=\/wp\/v2\/types\/product"}],"wp:featuredmedia":[{"embeddable":true,"href":"https:\/\/antropologiaenergetica.com\/index.php?rest_route=\/wp\/v2\/media\/2535"}],"wp:attachment":[{"href":"https:\/\/antropologiaenergetica.com\/index.php?rest_route=%2Fwp%2Fv2%2Fmedia&parent=1521"}],"wp:term":[{"taxonomy":"product_brand","embeddable":true,"href":"https:\/\/antropologiaenergetica.com\/index.php?rest_route=%2Fwp%2Fv2%2Fproduct_brand&post=1521"},{"taxonomy":"product_cat","embeddable":true,"href":"https:\/\/antropologiaenergetica.com\/index.php?rest_route=%2Fwp%2Fv2%2Fproduct_cat&post=1521"},{"taxonomy":"product_tag","embeddable":true,"href":"https:\/\/antropologiaenergetica.com\/index.php?rest_route=%2Fwp%2Fv2%2Fproduct_tag&post=1521"}],"curies":[{"name":"wp","href":"https:\/\/api.w.org\/{rel}","templated":true}]}}