{"id":1518,"date":"2023-12-08T12:26:39","date_gmt":"2023-12-08T15:26:39","guid":{"rendered":"https:\/\/antropologiaenergetica.com\/?post_type=product&#038;p=1518"},"modified":"2025-09-19T10:28:42","modified_gmt":"2025-09-19T13:28:42","slug":"y-el-mundo-continuo","status":"publish","type":"product","link":"https:\/\/antropologiaenergetica.com\/?product=y-el-mundo-continuo","title":{"rendered":"&#8230;Y El Mundo Continu\u00f3!"},"content":{"rendered":"<p>En este segundo viaje a la Biblioteca de Dios, el autor nos explica la labor de los planetas en la construcci\u00f3n del planeta Tierra y c\u00f3mo se formaron las galaxias.<\/p>\n<p>Nos ense\u00f1a c\u00f3mo se form\u00f3 la amplia variedad de seres-elementos (bacterias, mol\u00e9culas, c\u00e9lulas) que dan vida, calor y movimiento a toda la geolog\u00eda terrestre, y presenta la enorme diversidad de insectos (tanto positivos como negativos) y su importancia fundamental para la vida en la Tierra.<\/p>\n<p>Nos informa sobre la contribuci\u00f3n de las sustancias, resultado del trabajo de los planetas y astros, a las plantas, \u00e1rboles y vegetales que les otorgan color, sabor y aroma. El ser humano se conecta con las energ\u00edas de estos a trav\u00e9s de lo que ingiere, as\u00ed como mediante ejercicios especiales para que sus energ\u00edas mentales y corporales puedan nutrirse de ellas.<\/p>\n<p>Tambi\u00e9n aprendemos sobre la contribuci\u00f3n de las piedras preciosas al ser humano, su relaci\u00f3n con el cosmos y con el pensamiento del Creador.<\/p>\n<p>Conoceremos la importancia de la evoluci\u00f3n, primero del cuerpo para que el Yo pueda actuar plenamente; la superaci\u00f3n del plano biol\u00f3gico para poder subsistir en planos superiores, y que solo podr\u00e1n avanzar aquellos seres que posean fortaleza espiritual e inteligencia para construir informaci\u00f3n, luego conocimiento y as\u00ed alcanzar la sabidur\u00eda.<\/p>\n<p>En la \u00faltima parte, se relata la tarea y las dificultades de los seres que descienden al planeta con la misi\u00f3n de colaborar en la Obra del Creador y explicar el &#8220;por qu\u00e9 y para qu\u00e9&#8221; de la vida. Estos y muchos otros temas se abordan en esta maravillosa obra que revela estos supuestos misterios y nos se\u00f1ala el camino hacia el Creador.<\/p>\n","protected":false},"excerpt":{"rendered":"<p>En este segundo viaje a la Biblioteca de Dios, el autor nos explica la labor de los planetas en la construcci\u00f3n del planeta Tierra y c\u00f3mo se formaron las galaxias.<\/p>\n<p>Nos ense\u00f1a c\u00f3mo se form\u00f3 la amplia variedad de seres-elementos (bacterias, mol\u00e9culas, c\u00e9lulas) que dan vida, calor y movimiento a toda la geolog\u00eda terrestre, y presenta la enorme diversidad de insectos (tanto positivos como negativos) y su importancia fundamental para la vida en la Tierra.<\/p>\n<p>Nos informa sobre la contribuci\u00f3n de las sustancias, resultado del trabajo de los planetas y astros, a las plantas, \u00e1rboles y vegetales que les otorgan color, sabor y aroma. El ser humano se conecta con las energ\u00edas de estos a trav\u00e9s de lo que ingiere, as\u00ed como mediante ejercicios especiales para que sus energ\u00edas mentales y corporales puedan nutrirse de ellas.<\/p>\n<p>Tambi\u00e9n aprendemos sobre la contribuci\u00f3n de las piedras preciosas al ser humano, su relaci\u00f3n con el cosmos y con el pensamiento del Creador.<\/p>\n<p>Conoceremos la importancia de la evoluci\u00f3n, primero del cuerpo para que el Yo pueda actuar plenamente; la superaci\u00f3n del plano biol\u00f3gico para poder subsistir en planos superiores, y que solo podr\u00e1n avanzar aquellos seres que posean fortaleza espiritual e inteligencia para construir informaci\u00f3n, luego conocimiento y as\u00ed alcanzar la sabidur\u00eda.<\/p>\n<p>En la \u00faltima parte, se relata la tarea y las dificultades de los seres que descienden al planeta con la misi\u00f3n de colaborar en la Obra del Creador y explicar el &#8220;por qu\u00e9 y para qu\u00e9&#8221; de la vida. Estos y muchos otros temas se abordan en esta maravillosa obra que revela estos supuestos misterios y nos se\u00f1ala el camino hacia el Creador.<\/p>\n","protected":false},"featured_media":1617,"template":"","meta":{"site-sidebar-layout":"default","site-content-layout":"default","ast-site-content-layout":"default","site-content-style":"default","site-sidebar-style":"default","ast-global-header-display":"","ast-banner-title-visibility":"","ast-main-header-display":"","ast-hfb-above-header-display":"","ast-hfb-below-header-display":"","ast-hfb-mobile-header-display":"","site-post-title":"","ast-breadcrumbs-content":"","ast-featured-img":"","footer-sml-layout":"","theme-transparent-header-meta":"default","adv-header-id-meta":"","stick-header-meta":"","header-above-stick-meta":"","header-main-stick-meta":"","header-below-stick-meta":"","astra-migrate-meta-layouts":"set","ast-page-background-enabled":"default","ast-page-background-meta":{"desktop":{"background-color":"var(--ast-global-color-4)","background-image":"","background-repeat":"repeat","background-position":"center center","background-size":"auto","background-attachment":"scroll","background-type":"","background-media":"","overlay-type":"","overlay-color":"","overlay-opacity":"","overlay-gradient":""},"tablet":{"background-color":"","background-image":"","background-repeat":"repeat","background-position":"center center","background-size":"auto","background-attachment":"scroll","background-type":"","background-media":"","overlay-type":"","overlay-color":"","overlay-opacity":"","overlay-gradient":""},"mobile":{"background-color":"","background-image":"","background-repeat":"repeat","background-position":"center center","background-size":"auto","background-attachment":"scroll","background-type":"","background-media":"","overlay-type":"","overlay-color":"","overlay-opacity":"","overlay-gradient":""}},"ast-content-background-meta":{"desktop":{"background-color":"var(--ast-global-color-5)","background-image":"","background-repeat":"repeat","background-position":"center center","background-size":"auto","background-attachment":"scroll","background-type":"","background-media":"","overlay-type":"","overlay-color":"","overlay-opacity":"","overlay-gradient":""},"tablet":{"background-color":"var(--ast-global-color-5)","background-image":"","background-repeat":"repeat","background-position":"center center","background-size":"auto","background-attachment":"scroll","background-type":"","background-media":"","overlay-type":"","overlay-color":"","overlay-opacity":"","overlay-gradient":""},"mobile":{"background-color":"var(--ast-global-color-5)","background-image":"","background-repeat":"repeat","background-position":"center center","background-size":"auto","background-attachment":"scroll","background-type":"","background-media":"","overlay-type":"","overlay-color":"","overlay-opacity":"","overlay-gradient":""}}},"product_brand":[],"product_cat":[38],"product_tag":[45],"class_list":{"0":"post-1518","1":"product","2":"type-product","3":"status-publish","4":"has-post-thumbnail","6":"product_cat-libro","7":"product_tag-libro","8":"desktop-align-left","9":"tablet-align-left","10":"mobile-align-left","12":"first","13":"instock","14":"sold-individually","15":"shipping-taxable","16":"purchasable","17":"product-type-variable"},"_links":{"self":[{"href":"https:\/\/antropologiaenergetica.com\/index.php?rest_route=\/wp\/v2\/product\/1518","targetHints":{"allow":["GET"]}}],"collection":[{"href":"https:\/\/antropologiaenergetica.com\/index.php?rest_route=\/wp\/v2\/product"}],"about":[{"href":"https:\/\/antropologiaenergetica.com\/index.php?rest_route=\/wp\/v2\/types\/product"}],"wp:featuredmedia":[{"embeddable":true,"href":"https:\/\/antropologiaenergetica.com\/index.php?rest_route=\/wp\/v2\/media\/1617"}],"wp:attachment":[{"href":"https:\/\/antropologiaenergetica.com\/index.php?rest_route=%2Fwp%2Fv2%2Fmedia&parent=1518"}],"wp:term":[{"taxonomy":"product_brand","embeddable":true,"href":"https:\/\/antropologiaenergetica.com\/index.php?rest_route=%2Fwp%2Fv2%2Fproduct_brand&post=1518"},{"taxonomy":"product_cat","embeddable":true,"href":"https:\/\/antropologiaenergetica.com\/index.php?rest_route=%2Fwp%2Fv2%2Fproduct_cat&post=1518"},{"taxonomy":"product_tag","embeddable":true,"href":"https:\/\/antropologiaenergetica.com\/index.php?rest_route=%2Fwp%2Fv2%2Fproduct_tag&post=1518"}],"curies":[{"name":"wp","href":"https:\/\/api.w.org\/{rel}","templated":true}]}}