{"id":1517,"date":"2023-12-08T12:27:39","date_gmt":"2023-12-08T15:27:39","guid":{"rendered":"https:\/\/antropologiaenergetica.com\/?post_type=product&#038;p=1517"},"modified":"2025-09-19T10:28:13","modified_gmt":"2025-09-19T13:28:13","slug":"y-el-mundo-comenzo","status":"publish","type":"product","link":"https:\/\/antropologiaenergetica.com\/?product=y-el-mundo-comenzo","title":{"rendered":"&#8230;Y El Mundo Comenz\u00f3!"},"content":{"rendered":"<p>Planetas, astros y jardines c\u00f3smicos se dan cita en el desarrollo vital y evolutivo que este libro plantea. Constituye, por su lenguaje coloquial y tono expresivo, una amena v\u00eda para acceder y conocer la profundidad y el alcance de la cosmovisi\u00f3n zeberiana.<br \/>\nSe trata de un viaje astral a los archivos de la biblioteca de Dios para averiguar cu\u00e1l es la finalidad del nacimiento del g\u00e9nero humano y el origen del Planeta Tierra. El ser humano siempre ha anhelado penetrar el t\u00fanel del tiempo y descorrer los l\u00edmites de su naturaleza de vida.<br \/>\nEl entusiasta viajero y estudioso incansable nos relata sus anotaciones, que representan una esperanza de renovaci\u00f3n inteligente, gradual y constante.<br \/>\n\u00bfC\u00f3mo se entretejen las relaciones entre el microcosmos y el macrocosmos? \u00bfCu\u00e1l es el valor del pensamiento, el amor, el conocimiento y la acci\u00f3n? El lector reflexivo, a trav\u00e9s de su lectura, puede aprender a enhebrar las cuentas del collar de la vida y a unir las partes del rompecabezas de su existencia, ya que el libro es, en s\u00edntesis, una invitaci\u00f3n a hacerlo.<\/p>\n","protected":false},"excerpt":{"rendered":"<p>Planetas, astros y jardines c\u00f3smicos se dan cita en el desarrollo vital y evolutivo que este libro plantea. Constituye, por su lenguaje coloquial y tono expresivo, una amena v\u00eda para acceder y conocer la profundidad y el alcance de la cosmovisi\u00f3n zeberiana.<br \/>\nSe trata de un viaje astral a los archivos de la biblioteca de Dios para averiguar cu\u00e1l es la finalidad del nacimiento del g\u00e9nero humano y el origen del Planeta Tierra. El ser humano siempre ha anhelado penetrar el t\u00fanel del tiempo y descorrer los l\u00edmites de su naturaleza de vida.<br \/>\nEl entusiasta viajero y estudioso incansable nos relata sus anotaciones, que representan una esperanza de renovaci\u00f3n inteligente, gradual y constante.<br \/>\n\u00bfC\u00f3mo se entretejen las relaciones entre el microcosmos y el macrocosmos? \u00bfCu\u00e1l es el valor del pensamiento, el amor, el conocimiento y la acci\u00f3n? El lector reflexivo, a trav\u00e9s de su lectura, puede aprender a enhebrar las cuentas del collar de la vida y a unir las partes del rompecabezas de su existencia, ya que el libro es, en s\u00edntesis, una invitaci\u00f3n a hacerlo.<\/p>\n","protected":false},"featured_media":1716,"template":"","meta":{"site-sidebar-layout":"default","site-content-layout":"default","ast-site-content-layout":"default","site-content-style":"default","site-sidebar-style":"default","ast-global-header-display":"","ast-banner-title-visibility":"","ast-main-header-display":"","ast-hfb-above-header-display":"","ast-hfb-below-header-display":"","ast-hfb-mobile-header-display":"","site-post-title":"","ast-breadcrumbs-content":"","ast-featured-img":"","footer-sml-layout":"","theme-transparent-header-meta":"default","adv-header-id-meta":"","stick-header-meta":"","header-above-stick-meta":"","header-main-stick-meta":"","header-below-stick-meta":"","astra-migrate-meta-layouts":"set","ast-page-background-enabled":"default","ast-page-background-meta":{"desktop":{"background-color":"var(--ast-global-color-4)","background-image":"","background-repeat":"repeat","background-position":"center center","background-size":"auto","background-attachment":"scroll","background-type":"","background-media":"","overlay-type":"","overlay-color":"","overlay-opacity":"","overlay-gradient":""},"tablet":{"background-color":"","background-image":"","background-repeat":"repeat","background-position":"center center","background-size":"auto","background-attachment":"scroll","background-type":"","background-media":"","overlay-type":"","overlay-color":"","overlay-opacity":"","overlay-gradient":""},"mobile":{"background-color":"","background-image":"","background-repeat":"repeat","background-position":"center center","background-size":"auto","background-attachment":"scroll","background-type":"","background-media":"","overlay-type":"","overlay-color":"","overlay-opacity":"","overlay-gradient":""}},"ast-content-background-meta":{"desktop":{"background-color":"var(--ast-global-color-5)","background-image":"","background-repeat":"repeat","background-position":"center center","background-size":"auto","background-attachment":"scroll","background-type":"","background-media":"","overlay-type":"","overlay-color":"","overlay-opacity":"","overlay-gradient":""},"tablet":{"background-color":"var(--ast-global-color-5)","background-image":"","background-repeat":"repeat","background-position":"center center","background-size":"auto","background-attachment":"scroll","background-type":"","background-media":"","overlay-type":"","overlay-color":"","overlay-opacity":"","overlay-gradient":""},"mobile":{"background-color":"var(--ast-global-color-5)","background-image":"","background-repeat":"repeat","background-position":"center center","background-size":"auto","background-attachment":"scroll","background-type":"","background-media":"","overlay-type":"","overlay-color":"","overlay-opacity":"","overlay-gradient":""}}},"product_brand":[],"product_cat":[38],"product_tag":[45],"class_list":{"0":"post-1517","1":"product","2":"type-product","3":"status-publish","4":"has-post-thumbnail","6":"product_cat-libro","7":"product_tag-libro","8":"desktop-align-left","9":"tablet-align-left","10":"mobile-align-left","12":"first","13":"instock","14":"sold-individually","15":"shipping-taxable","16":"purchasable","17":"product-type-variable"},"_links":{"self":[{"href":"https:\/\/antropologiaenergetica.com\/index.php?rest_route=\/wp\/v2\/product\/1517","targetHints":{"allow":["GET"]}}],"collection":[{"href":"https:\/\/antropologiaenergetica.com\/index.php?rest_route=\/wp\/v2\/product"}],"about":[{"href":"https:\/\/antropologiaenergetica.com\/index.php?rest_route=\/wp\/v2\/types\/product"}],"wp:featuredmedia":[{"embeddable":true,"href":"https:\/\/antropologiaenergetica.com\/index.php?rest_route=\/wp\/v2\/media\/1716"}],"wp:attachment":[{"href":"https:\/\/antropologiaenergetica.com\/index.php?rest_route=%2Fwp%2Fv2%2Fmedia&parent=1517"}],"wp:term":[{"taxonomy":"product_brand","embeddable":true,"href":"https:\/\/antropologiaenergetica.com\/index.php?rest_route=%2Fwp%2Fv2%2Fproduct_brand&post=1517"},{"taxonomy":"product_cat","embeddable":true,"href":"https:\/\/antropologiaenergetica.com\/index.php?rest_route=%2Fwp%2Fv2%2Fproduct_cat&post=1517"},{"taxonomy":"product_tag","embeddable":true,"href":"https:\/\/antropologiaenergetica.com\/index.php?rest_route=%2Fwp%2Fv2%2Fproduct_tag&post=1517"}],"curies":[{"name":"wp","href":"https:\/\/api.w.org\/{rel}","templated":true}]}}