{"id":1482,"date":"2023-12-08T12:31:04","date_gmt":"2023-12-08T15:31:04","guid":{"rendered":"https:\/\/antropologiaenergetica.com\/?post_type=product&#038;p=1482"},"modified":"2025-09-19T10:25:45","modified_gmt":"2025-09-19T13:25:45","slug":"leyes-cosmicas","status":"publish","type":"product","link":"https:\/\/antropologiaenergetica.com\/?product=leyes-cosmicas","title":{"rendered":"Las Leyes C\u00f3smicas (Vol I &#038; II)"},"content":{"rendered":"<p><span style=\"font-weight: 400;\"><em><span style=\"color: #ff0000;\"><strong>[SE VENDEN EN PACK]<br \/>\n<\/strong><br \/>\n[Las Leyes C\u00f3smicas y La Evoluci\u00f3n Consciente (Vol-I) y Las Leyes C\u00f3smicas y La Psicolog\u00eda de La Biolog\u00eda (Vol-II) se venden en pack]<\/span><\/em><\/span><br \/>\nEn estos dos vol\u00famenes, el Prof. J. Tom\u00e1s Zeberio sintetiza setenta a\u00f1os de investigaci\u00f3n ininterrumpida y representa un legado para las generaciones futuras. La Antropolog\u00eda Energ\u00e9tica es la materia ampliamente desarrollada en estos dos libros de 700 p\u00e1ginas, con cuadros e ilustraciones a todo color y detalle por parte de sus autores. Ambos libros son sin duda la &#8220;ciencia del futuro&#8221;.<\/p>\n<p>Las \u00faltimas p\u00e1ginas de cada libro contienen neologismos espec\u00edficos de esta singular rama del conocimiento. Esta obra es \u00fanica en su profundidad, ya que explica el significado de la vida del ser humano, su origen y finalidad con una nueva perspectiva. Se desarrolla paso a paso la concatenaci\u00f3n matem\u00e1tica, f\u00edsica y geom\u00e9trica de las energ\u00edas del planeta Tierra, los diferentes reinos de la Naturaleza y el ser humano, en su relaci\u00f3n con el cosmos. La amplitud de los temas estudiados conforma un sistema integrado a partir de un hilo conductor: la energ\u00e9tica humana.<\/p>\n<p>La aplicaci\u00f3n de estas ense\u00f1anzas nos abre un futuro de paz y cordialidad, algo que sin duda la humanidad anhela. Ren\u00e9 Descartes dijo ya en el siglo XVII: &#8220;Para alcanzar la verdad es necesario, aunque sea una vez en la vida, desprenderse de todas las ideas recibidas y reconstruir desde los comienzos todo nuestro sistema de conocimientos&#8221;.<\/p>\n","protected":false},"excerpt":{"rendered":"<p><span style=\"font-weight: 400;\"><em><span style=\"color: #ff0000;\"><strong>[SE VENDEN EN PACK]<br \/>\n<\/strong><br \/>\n[Las Leyes C\u00f3smicas y La Evoluci\u00f3n Consciente (Vol-I) y Las Leyes C\u00f3smicas y La Psicolog\u00eda de La Biolog\u00eda (Vol-II) se venden en pack]<\/span><\/em><\/span><br \/>\nEn estos dos vol\u00famenes, el Prof. J. Tom\u00e1s Zeberio sintetiza setenta a\u00f1os de investigaci\u00f3n ininterrumpida y representa un legado para las generaciones futuras. La Antropolog\u00eda Energ\u00e9tica es la materia ampliamente desarrollada en estos dos libros de 700 p\u00e1ginas, con cuadros e ilustraciones a todo color y detalle por parte de sus autores. Ambos libros son sin duda la &#8220;ciencia del futuro&#8221;.<\/p>\n<p>Las \u00faltimas p\u00e1ginas de cada libro contienen neologismos espec\u00edficos de esta singular rama del conocimiento. Esta obra es \u00fanica en su profundidad, ya que explica el significado de la vida del ser humano, su origen y finalidad con una nueva perspectiva. Se desarrolla paso a paso la concatenaci\u00f3n matem\u00e1tica, f\u00edsica y geom\u00e9trica de las energ\u00edas del planeta Tierra, los diferentes reinos de la Naturaleza y el ser humano, en su relaci\u00f3n con el cosmos. La amplitud de los temas estudiados conforma un sistema integrado a partir de un hilo conductor: la energ\u00e9tica humana.<\/p>\n<p>La aplicaci\u00f3n de estas ense\u00f1anzas nos abre un futuro de paz y cordialidad, algo que sin duda la humanidad anhela. Ren\u00e9 Descartes dijo ya en el siglo XVII: &#8220;Para alcanzar la verdad es necesario, aunque sea una vez en la vida, desprenderse de todas las ideas recibidas y reconstruir desde los comienzos todo nuestro sistema de conocimientos&#8221;.<\/p>\n","protected":false},"featured_media":1715,"template":"","meta":{"site-sidebar-layout":"left-sidebar","site-content-layout":"default","ast-site-content-layout":"default","site-content-style":"default","site-sidebar-style":"default","ast-global-header-display":"","ast-banner-title-visibility":"","ast-main-header-display":"","ast-hfb-above-header-display":"","ast-hfb-below-header-display":"","ast-hfb-mobile-header-display":"","site-post-title":"","ast-breadcrumbs-content":"","ast-featured-img":"","footer-sml-layout":"","theme-transparent-header-meta":"default","adv-header-id-meta":"","stick-header-meta":"","header-above-stick-meta":"","header-main-stick-meta":"","header-below-stick-meta":"","astra-migrate-meta-layouts":"set","ast-page-background-enabled":"default","ast-page-background-meta":{"desktop":{"background-color":"var(--ast-global-color-4)","background-image":"","background-repeat":"repeat","background-position":"center center","background-size":"auto","background-attachment":"scroll","background-type":"","background-media":"","overlay-type":"","overlay-color":"","overlay-opacity":"","overlay-gradient":""},"tablet":{"background-color":"","background-image":"","background-repeat":"repeat","background-position":"center center","background-size":"auto","background-attachment":"scroll","background-type":"","background-media":"","overlay-type":"","overlay-color":"","overlay-opacity":"","overlay-gradient":""},"mobile":{"background-color":"","background-image":"","background-repeat":"repeat","background-position":"center center","background-size":"auto","background-attachment":"scroll","background-type":"","background-media":"","overlay-type":"","overlay-color":"","overlay-opacity":"","overlay-gradient":""}},"ast-content-background-meta":{"desktop":{"background-color":"var(--ast-global-color-5)","background-image":"","background-repeat":"repeat","background-position":"center center","background-size":"auto","background-attachment":"scroll","background-type":"","background-media":"","overlay-type":"","overlay-color":"","overlay-opacity":"","overlay-gradient":""},"tablet":{"background-color":"var(--ast-global-color-5)","background-image":"","background-repeat":"repeat","background-position":"center center","background-size":"auto","background-attachment":"scroll","background-type":"","background-media":"","overlay-type":"","overlay-color":"","overlay-opacity":"","overlay-gradient":""},"mobile":{"background-color":"var(--ast-global-color-5)","background-image":"","background-repeat":"repeat","background-position":"center center","background-size":"auto","background-attachment":"scroll","background-type":"","background-media":"","overlay-type":"","overlay-color":"","overlay-opacity":"","overlay-gradient":""}}},"product_brand":[],"product_cat":[38],"product_tag":[45],"class_list":{"0":"post-1482","1":"product","2":"type-product","3":"status-publish","4":"has-post-thumbnail","6":"product_cat-libro","7":"product_tag-libro","8":"desktop-align-left","9":"tablet-align-left","10":"mobile-align-left","12":"first","13":"instock","14":"shipping-taxable","15":"purchasable","16":"product-type-variable"},"_links":{"self":[{"href":"https:\/\/antropologiaenergetica.com\/index.php?rest_route=\/wp\/v2\/product\/1482","targetHints":{"allow":["GET"]}}],"collection":[{"href":"https:\/\/antropologiaenergetica.com\/index.php?rest_route=\/wp\/v2\/product"}],"about":[{"href":"https:\/\/antropologiaenergetica.com\/index.php?rest_route=\/wp\/v2\/types\/product"}],"wp:featuredmedia":[{"embeddable":true,"href":"https:\/\/antropologiaenergetica.com\/index.php?rest_route=\/wp\/v2\/media\/1715"}],"wp:attachment":[{"href":"https:\/\/antropologiaenergetica.com\/index.php?rest_route=%2Fwp%2Fv2%2Fmedia&parent=1482"}],"wp:term":[{"taxonomy":"product_brand","embeddable":true,"href":"https:\/\/antropologiaenergetica.com\/index.php?rest_route=%2Fwp%2Fv2%2Fproduct_brand&post=1482"},{"taxonomy":"product_cat","embeddable":true,"href":"https:\/\/antropologiaenergetica.com\/index.php?rest_route=%2Fwp%2Fv2%2Fproduct_cat&post=1482"},{"taxonomy":"product_tag","embeddable":true,"href":"https:\/\/antropologiaenergetica.com\/index.php?rest_route=%2Fwp%2Fv2%2Fproduct_tag&post=1482"}],"curies":[{"name":"wp","href":"https:\/\/api.w.org\/{rel}","templated":true}]}}